{"id":388,"date":"2025-08-16T20:50:29","date_gmt":"2025-08-16T20:50:29","guid":{"rendered":"https:\/\/www.azur-box.com\/?page_id=388"},"modified":"2025-08-17T20:12:46","modified_gmt":"2025-08-17T20:12:46","slug":"faq","status":"publish","type":"page","link":"https:\/\/www.azur-box.com\/index.php\/faq\/","title":{"rendered":"FAQ"},"content":{"rendered":"\t\t<div data-elementor-type=\"wp-page\" data-elementor-id=\"388\" class=\"elementor elementor-388\">\n\t\t\t\t<div class=\"elementor-element elementor-element-61769e8 e-flex e-con-boxed e-con e-parent\" data-id=\"61769e8\" data-element_type=\"container\" data-e-type=\"container\">\n\t\t\t\t\t<div class=\"e-con-inner\">\n\t\t\t\t<div class=\"elementor-element elementor-element-f7e55cc elementor-widget elementor-widget-text-editor\" data-id=\"f7e55cc\" data-element_type=\"widget\" data-e-type=\"widget\" data-widget_type=\"text-editor.default\">\n\t\t\t\t\t\t\t\t\t<p><br><\/p>\n<p><img decoding=\"async\" draggable=\"false\" role=\"img\" class=\"emoji\" alt=\"\u2753\" src=\"https:\/\/s.w.org\/images\/core\/emoji\/16.0.1\/svg\/2753.svg\" style=\"font-size: inherit; text-align: var(--text-align);\"><span style=\"font-size: inherit; text-align: var(--text-align);\"> Qu\u2019est-ce qu\u2019un box de stockage ?<\/span><br><\/p>\n<p><span style=\"font-size: inherit; text-align: var(--text-align);\">Un box de stockage est un espace s\u00e9curis\u00e9 et privatis\u00e9 que vous louez pour y entreposer vos affaires, meubles, archives ou mat\u00e9riel professionnel. C\u2019est une solution pratique pour gagner de la place chez vous ou dans vos locaux.<\/span><br><\/p>\n<p><br><\/p>\n<p><img decoding=\"async\" draggable=\"false\" role=\"img\" class=\"emoji\" alt=\"\u2753\" src=\"https:\/\/s.w.org\/images\/core\/emoji\/16.0.1\/svg\/2753.svg\" style=\"font-size: inherit; text-align: var(--text-align);\"><span style=\"font-size: inherit; text-align: var(--text-align);\"> Quelle est la dur\u00e9e minimale de location ?<\/span><br><\/p>\n<p><span style=\"font-size: inherit; text-align: var(--text-align);\">La dur\u00e9e minimale est g\u00e9n\u00e9ralement d\u2019un mois. Vous pouvez prolonger la location aussi longtemps que vous en avez besoin, sans engagement de dur\u00e9e fixe.<\/span><br><\/p>\n<p><br><\/p>\n<p><img decoding=\"async\" draggable=\"false\" role=\"img\" class=\"emoji\" alt=\"\u2753\" src=\"https:\/\/s.w.org\/images\/core\/emoji\/16.0.1\/svg\/2753.svg\" style=\"font-size: inherit; text-align: var(--text-align);\"><span style=\"font-size: inherit; text-align: var(--text-align);\"> Quels sont les horaires d\u2019acc\u00e8s aux box ?<\/span><br><\/p>\n<p><span style=\"font-size: inherit; text-align: var(--text-align);\">Nos box sont accessibles 24h\/24 et 7j\/7. Vous pouvez ainsi r\u00e9cup\u00e9rer ou d\u00e9poser vos affaires librement, en toute autonomie.<\/span><br><\/p>\n<p><br><\/p>\n<p><img decoding=\"async\" draggable=\"false\" role=\"img\" class=\"emoji\" alt=\"\u2753\" src=\"https:\/\/s.w.org\/images\/core\/emoji\/16.0.1\/svg\/2753.svg\" style=\"font-size: inherit; text-align: var(--text-align);\"><span style=\"font-size: inherit; text-align: var(--text-align);\"> Mes affaires sont-elles en s\u00e9curit\u00e9 ?<\/span><br><\/p>\n<p><span style=\"font-size: inherit; text-align: var(--text-align);\">Oui. Nos sites sont \u00e9quip\u00e9s de syst\u00e8mes de s\u00e9curit\u00e9 modernes : alarmes et box verrouill\u00e9s individuellement. Seul vous avez la cl\u00e9 ou le code de votre espace.<\/span><br><\/p>\n<p><br><\/p>\n<p><img decoding=\"async\" draggable=\"false\" role=\"img\" class=\"emoji\" alt=\"\u2753\" src=\"https:\/\/s.w.org\/images\/core\/emoji\/16.0.1\/svg\/2753.svg\" style=\"font-size: inherit; text-align: var(--text-align);\"><span style=\"font-size: inherit; text-align: var(--text-align);\"> Quelle taille de box puis-je louer ?<\/span><br><\/p>\n<p><span style=\"font-size: inherit; text-align: var(--text-align);\">Nous proposons diff\u00e9rentes tailles de box, de quelques m\u00b2 \u00e0 plusieurs dizaines de m\u00b2. Selon vos besoins (cartons, mobilier, mat\u00e9riel professionnel\u2026), nous vous conseillons la surface adapt\u00e9e.<\/span><br><\/p>\n<p><br><\/p>\n<p><img decoding=\"async\" draggable=\"false\" role=\"img\" class=\"emoji\" alt=\"\u2753\" src=\"https:\/\/s.w.org\/images\/core\/emoji\/16.0.1\/svg\/2753.svg\" style=\"font-size: inherit; text-align: var(--text-align);\"><span style=\"font-size: inherit; text-align: var(--text-align);\"> Que puis-je stocker dans un box ?<\/span><\/p>\n<p><span style=\"font-size: inherit; text-align: var(--text-align);\">Vous pouvez y entreposer meubles, cartons, v\u00eatements, archives, mat\u00e9riel de bureau, \u00e9quipements sportifs, outils, etc.<\/span><br><\/p>\n<p><img decoding=\"async\" draggable=\"false\" role=\"img\" class=\"emoji\" alt=\"\u26a0\ufe0f\" src=\"https:\/\/s.w.org\/images\/core\/emoji\/16.0.1\/svg\/26a0.svg\"> En revanche, il est interdit de stocker des produits dangereux, inflammables, ill\u00e9gaux, animaux ou denr\u00e9es p\u00e9rissables.<\/p>\n<p><br><\/p>\n<p><img decoding=\"async\" draggable=\"false\" role=\"img\" class=\"emoji\" alt=\"\u2753\" src=\"https:\/\/s.w.org\/images\/core\/emoji\/16.0.1\/svg\/2753.svg\"> Quels documents dois-je fournir ?<\/p>\n<p>Pour louer un box, il vous faudra g\u00e9n\u00e9ralement :<\/p>\n<p>* Une pi\u00e8ce d\u2019identit\u00e9 en cours de validit\u00e9<\/p>\n<p>* Un justificatif de domicile r\u00e9cent<\/p>\n<p>* Un RIB pour le pr\u00e9l\u00e8vement automatique (optionnel)<\/p>\n<p><span style=\"font-size: inherit; text-align: var(--text-align);\"><br><\/span><\/p>\n<p><img decoding=\"async\" draggable=\"false\" role=\"img\" class=\"emoji\" alt=\"\u2753\" src=\"https:\/\/s.w.org\/images\/core\/emoji\/16.0.1\/svg\/2753.svg\" style=\"font-size: inherit; text-align: var(--text-align);\"><span style=\"font-size: inherit; text-align: var(--text-align);\"> Quel est le prix d\u2019un box ?<\/span><\/p>\n<p>Le prix d\u00e9pend de la taille du box et de la dur\u00e9e de location. Contactez-nous pour obtenir un devis personnalis\u00e9.<\/p>\n<p><br><\/p>\n<p><img decoding=\"async\" draggable=\"false\" role=\"img\" class=\"emoji\" alt=\"\u2753\" src=\"https:\/\/s.w.org\/images\/core\/emoji\/16.0.1\/svg\/2753.svg\" style=\"font-size: inherit; text-align: var(--text-align);\"><span style=\"font-size: inherit; text-align: var(--text-align);\"> Y a-t-il une assurance obligatoire ?<\/span><\/p>\n<p><span style=\"font-size: inherit; text-align: var(--text-align);\">Oui, vos biens doivent \u00eatre couverts par une assurance. Vous pouvez utiliser votre propre contrat multirisque habitation (si elle couvre le self-stockage)<\/span><br><\/p>\n<p><br><\/p>\t\t\t\t\t\t\t\t<\/div>\n\t\t\t\t\t<\/div>\n\t\t\t\t<\/div>\n\t\t\t\t<\/div>\n\t\t","protected":false},"excerpt":{"rendered":"<p>Qu\u2019est-ce qu\u2019un box de stockage ? Un box de stockage est un espace s\u00e9curis\u00e9 et privatis\u00e9 que vous louez pour y entreposer vos affaires, meubles, archives ou mat\u00e9riel professionnel. C\u2019est une solution pratique pour gagner de la place chez vous ou dans vos locaux. Quelle est la dur\u00e9e minimale de [&hellip;]<\/p>\n","protected":false},"author":1,"featured_media":0,"parent":0,"menu_order":0,"comment_status":"closed","ping_status":"closed","template":"page-templates\/template-pagebuilder-full-width.php","meta":{"saved_in_kubio":false,"_themeisle_gutenberg_block_has_review":false,"footnotes":""},"class_list":["post-388","page","type-page","status-publish","hentry"],"kubio_ai_page_context":{"short_desc":"","purpose":"general"},"_links":{"self":[{"href":"https:\/\/www.azur-box.com\/index.php\/wp-json\/wp\/v2\/pages\/388","targetHints":{"allow":["GET"]}}],"collection":[{"href":"https:\/\/www.azur-box.com\/index.php\/wp-json\/wp\/v2\/pages"}],"about":[{"href":"https:\/\/www.azur-box.com\/index.php\/wp-json\/wp\/v2\/types\/page"}],"author":[{"embeddable":true,"href":"https:\/\/www.azur-box.com\/index.php\/wp-json\/wp\/v2\/users\/1"}],"replies":[{"embeddable":true,"href":"https:\/\/www.azur-box.com\/index.php\/wp-json\/wp\/v2\/comments?post=388"}],"version-history":[{"count":22,"href":"https:\/\/www.azur-box.com\/index.php\/wp-json\/wp\/v2\/pages\/388\/revisions"}],"predecessor-version":[{"id":527,"href":"https:\/\/www.azur-box.com\/index.php\/wp-json\/wp\/v2\/pages\/388\/revisions\/527"}],"wp:attachment":[{"href":"https:\/\/www.azur-box.com\/index.php\/wp-json\/wp\/v2\/media?parent=388"}],"curies":[{"name":"wp","href":"https:\/\/api.w.org\/{rel}","templated":true}]}}