{"id":387,"date":"2025-08-16T20:50:29","date_gmt":"2025-08-16T20:50:29","guid":{"rendered":"https:\/\/www.azur-box.com\/?page_id=387"},"modified":"2025-08-16T21:50:04","modified_gmt":"2025-08-16T21:50:04","slug":"a-propos","status":"publish","type":"page","link":"https:\/\/www.azur-box.com\/index.php\/a-propos\/","title":{"rendered":"A propos"},"content":{"rendered":"\n<h2 class=\"wp-block-heading\">Azur Box<\/h2>\n\n\n\n<p>Cr\u00e9\u00e9e en juillet 2015, <strong>Azur Box<\/strong> est une soci\u00e9t\u00e9 civile immobili\u00e8re sp\u00e9cialis\u00e9e dans la <strong>location de box de stockage<\/strong> \u00e0 Azur (40140), dans les Landes. Nous proposons des solutions flexibles, s\u00e9curis\u00e9es et accessibles 24 h\/24 et 7 j\/7 pour particuliers et professionnels.<\/p>\n\n\n\n<h3 class=\"wp-block-heading\">Nos atouts<\/h3>\n\n\n\n<ul class=\"wp-block-list\">\n<li><strong>Acc\u00e8s libre 24 h\/24, 7 j\/7<\/strong> : vous \u00eates ma\u00eetre de vos horaires.<\/li>\n\n\n\n<li><strong>Installations compl\u00e8tes<\/strong> : \u00e9clairage, prises \u00e9lectriques, zone de chargement\/d\u00e9chargement couverte, parkings priv\u00e9s s\u00e9curis\u00e9s.<\/li>\n\n\n\n<li><strong>S\u00e9curit\u00e9 renforc\u00e9e<\/strong> : syst\u00e8me d\u2019alarme intrusion et incendie.<\/li>\n\n\n\n<li><strong>Adaptable et \u00e9conomique<\/strong> : de courtes ou longues dur\u00e9es, au meilleur rapport qualit\u00e9-prix.<\/li>\n<\/ul>\n\n\n\n<h3 class=\"wp-block-heading\">Nos clients<\/h3>\n\n\n\n<p>Particuliers (m\u00e9nages, \u00e9tudiants, locataires en transition) ou professionnels (artisans, entreprises locales, archivistes), chacun trouve chez Azur Box une solution adapt\u00e9e \u00e0 ses besoins.<\/p>\n","protected":false},"excerpt":{"rendered":"<p>Azur Box Cr\u00e9\u00e9e en juillet 2015, Azur Box est une soci\u00e9t\u00e9 civile immobili\u00e8re sp\u00e9cialis\u00e9e dans la location de box de stockage \u00e0 Azur (40140), dans les Landes. Nous proposons des solutions flexibles, s\u00e9curis\u00e9es et accessibles 24 h\/24 et 7 j\/7 pour particuliers et professionnels. Nos atouts Nos clients Particuliers (m\u00e9nages, [&hellip;]<\/p>\n","protected":false},"author":1,"featured_media":0,"parent":0,"menu_order":0,"comment_status":"closed","ping_status":"closed","template":"","meta":{"saved_in_kubio":true,"_themeisle_gutenberg_block_has_review":false,"footnotes":""},"class_list":["post-387","page","type-page","status-publish","hentry"],"kubio_ai_page_context":{"short_desc":"","purpose":"general"},"_links":{"self":[{"href":"https:\/\/www.azur-box.com\/index.php\/wp-json\/wp\/v2\/pages\/387","targetHints":{"allow":["GET"]}}],"collection":[{"href":"https:\/\/www.azur-box.com\/index.php\/wp-json\/wp\/v2\/pages"}],"about":[{"href":"https:\/\/www.azur-box.com\/index.php\/wp-json\/wp\/v2\/types\/page"}],"author":[{"embeddable":true,"href":"https:\/\/www.azur-box.com\/index.php\/wp-json\/wp\/v2\/users\/1"}],"replies":[{"embeddable":true,"href":"https:\/\/www.azur-box.com\/index.php\/wp-json\/wp\/v2\/comments?post=387"}],"version-history":[{"count":3,"href":"https:\/\/www.azur-box.com\/index.php\/wp-json\/wp\/v2\/pages\/387\/revisions"}],"predecessor-version":[{"id":422,"href":"https:\/\/www.azur-box.com\/index.php\/wp-json\/wp\/v2\/pages\/387\/revisions\/422"}],"wp:attachment":[{"href":"https:\/\/www.azur-box.com\/index.php\/wp-json\/wp\/v2\/media?parent=387"}],"curies":[{"name":"wp","href":"https:\/\/api.w.org\/{rel}","templated":true}]}}